{"id":4613,"date":"2024-08-29T04:46:38","date_gmt":"2024-08-29T04:46:38","guid":{"rendered":"https:\/\/whitebox-studios.com\/?page_id=4613"},"modified":"2024-12-19T23:11:21","modified_gmt":"2024-12-19T23:11:21","slug":"tech","status":"publish","type":"page","link":"https:\/\/whitebox-studios.com\/es\/tech\/","title":{"rendered":"Tecnolog\u00eda"},"content":{"rendered":"<div data-elementor-type=\"wp-page\" data-elementor-id=\"4613\" class=\"elementor elementor-4613\" data-elementor-settings=\"{&quot;page_masthead_image_height&quot;:{&quot;unit&quot;:&quot;px&quot;,&quot;size&quot;:900,&quot;sizes&quot;:[]},&quot;page_masthead_image_height_tablet&quot;:{&quot;unit&quot;:&quot;vh&quot;,&quot;size&quot;:70,&quot;sizes&quot;:[]},&quot;page_masthead_image_height_mobile&quot;:{&quot;unit&quot;:&quot;vh&quot;,&quot;size&quot;:50,&quot;sizes&quot;:[]},&quot;page_masthead_background_position_x&quot;:{&quot;unit&quot;:&quot;%&quot;,&quot;size&quot;:50,&quot;sizes&quot;:[]},&quot;page_masthead_background_position_x_tablet&quot;:{&quot;unit&quot;:&quot;%&quot;,&quot;size&quot;:50,&quot;sizes&quot;:[]},&quot;page_masthead_background_position_x_mobile&quot;:{&quot;unit&quot;:&quot;%&quot;,&quot;size&quot;:50,&quot;sizes&quot;:[]},&quot;page_masthead_background_position_y&quot;:{&quot;unit&quot;:&quot;%&quot;,&quot;size&quot;:50,&quot;sizes&quot;:[]},&quot;page_masthead_background_position_y_tablet&quot;:{&quot;unit&quot;:&quot;%&quot;,&quot;size&quot;:50,&quot;sizes&quot;:[]},&quot;page_masthead_background_position_y_mobile&quot;:{&quot;unit&quot;:&quot;%&quot;,&quot;size&quot;:50,&quot;sizes&quot;:[]},&quot;ha_cmc_init_switcher&quot;:&quot;no&quot;}\" data-elementor-post-type=\"page\">\n\t\t\t\t\t\t<section class=\"elementor-section elementor-top-section elementor-element elementor-element-865d90a pb-medium container-fluid bg-light-1 elementor-section-boxed elementor-section-height-default elementor-section-height-default\" data-id=\"865d90a\" data-element_type=\"section\" data-settings=\"{&quot;theme_section_color&quot;:&quot;bg-light-1&quot;,&quot;_ha_eqh_enable&quot;:false}\">\n\t\t\t\t\t\t<div class=\"elementor-container elementor-column-gap-no\">\n\t\t\t\t\t<div class=\"elementor-column elementor-col-100 elementor-top-column elementor-element elementor-element-45bc431\" data-id=\"45bc431\" data-element_type=\"column\">\n\t\t\t<div class=\"elementor-widget-wrap elementor-element-populated\">\n\t\t\t\t\t\t<section class=\"elementor-section elementor-inner-section elementor-element elementor-element-a6589d1 elementor-section-full_width elementor-section-height-default elementor-section-height-default\" data-id=\"a6589d1\" data-element_type=\"section\" data-settings=\"{&quot;_ha_eqh_enable&quot;:false}\">\n\t\t\t\t\t\t<div class=\"elementor-container elementor-column-gap-no\">\n\t\t\t\t\t<div class=\"elementor-column elementor-col-100 elementor-inner-column elementor-element elementor-element-b8649bd\" data-id=\"b8649bd\" data-element_type=\"column\">\n\t\t\t<div class=\"elementor-widget-wrap elementor-element-populated\">\n\t\t\t\t\t\t<div class=\"elementor-element elementor-element-9bd5766 text-center elementor-widget elementor-widget-rhye-widget-content-block\" data-id=\"9bd5766\" data-element_type=\"widget\" data-widget_type=\"rhye-widget-content-block.default\">\n\t\t\t\t<div class=\"elementor-widget-container\">\n\t\t\t\t\t\n\t\t<div class=\"section section-content clearfix\" data-arts-os-animation=\"true\">\n\t\t\t\t\t\t<div class=\"section-content__inner\">\n\t\t\t\t\t\t\t\t\t\t\t\t\t<div class=\"section-content__wrapper-content\">\n\t\t\t\t\t\t\t\t\t\t\t\t\t\t\t\t\t\t\t<div class=\"w-100\"><\/div>\n\t\t\t\t\t\t\t<div class=\"section-content__text split-text js-split-text\" data-split-text-type=\"lines\" data-split-text-set=\"lines\"><p><strong>DESARROLLO Y PROGRAMACI\u00d3N<\/strong><\/p><p>Todos los lenguajes y tecnolog\u00edas.<br \/><strong>Servicios:<\/strong><\/p><p><strong>-UX\/UI:<\/strong><br \/>Dise\u00f1o de experiencias e interfaces de usuario<\/p><p><strong>-Frontend\/Backend:<\/strong><br \/>Desarrollo completo de aplicaciones y sitios<br \/>web.<\/p><p><strong>-APPS\/WebMobile\/E-Commerce:<\/strong><br \/>(Integraciones, todas las plataformas, todas las tecnolog\u00edas) (PHP,<br \/>WordPress, Drupal, Joomla, Symfony, HTML, CSS, Javascript, SQL, Mysql,<br \/>IONIC, Cordova).<\/p><p><strong>-GAMING:<\/strong><br \/>Todos los formatos - Creaci\u00f3n de personajes, historias y contenidos para<br \/>campa\u00f1as online y offline.<\/p><p><strong>-ADS:<\/strong><br \/>Planificaci\u00f3n estrat\u00e9gica de inversi\u00f3n en plataformas: Google (YouTube, Search,<br \/>SEM), Meta, TikTok y X.<\/p><p><strong>-AI:<\/strong><br \/>Generaci\u00f3n de contenidos<\/p><p><strong>-VR.<\/strong><\/p><\/div>\n\t\t\t\t\t\t\t\t\t\t\t<\/div>\n\t\t\t\t\t\t\t\t\t\t\t<\/div>\n\t\t\t\t\t\t\t\t\t\t\t\t\t\t<\/div>\n\n\t\t\t\t\t\t<\/div>\n\t\t\t\t<\/div>\n\t\t\t\t\t<\/div>\n\t\t<\/div>\n\t\t\t\t\t<\/div>\n\t\t<\/section>\n\t\t\t\t\t<\/div>\n\t\t<\/div>\n\t\t\t\t\t<\/div>\n\t\t<\/section>\n\t\t\t\t<\/div>","protected":false},"excerpt":{"rendered":"<p>DESARROLLO Y PROGRAMACI\u00d3N Todos los lenguajes y tecnolog\u00edas.Servicios: -UX\/UI:Dise\u00f1o de experiencias e interfaces de usuario -Frontend\/Backend:Desarrollo completo de aplicaciones y sitiosweb. -APPS\/WebMobile\/E-Commerce:(Integraciones, todas las plataformas, todas las tecnolog\u00edas) (PHP,WordPress, Drupal, Joomla, Symfony, HTML, CSS, Javascript, SQL, Mysql,IONIC, Cordova). -GAMING:Todos los formatos &#8211; Creaci\u00f3n de personajes, historias y contenidos paracampa\u00f1as online y offline. -ADS:Planificaci\u00f3n estrat\u00e9gica de [&hellip;]<\/p>","protected":false},"author":1,"featured_media":0,"parent":0,"menu_order":0,"comment_status":"closed","ping_status":"closed","template":"","meta":{"_acf_changed":false,"footnotes":""},"class_list":["post-4613","page","type-page","status-publish","hentry"],"acf":[],"_links":{"self":[{"href":"https:\/\/whitebox-studios.com\/es\/wp-json\/wp\/v2\/pages\/4613","targetHints":{"allow":["GET"]}}],"collection":[{"href":"https:\/\/whitebox-studios.com\/es\/wp-json\/wp\/v2\/pages"}],"about":[{"href":"https:\/\/whitebox-studios.com\/es\/wp-json\/wp\/v2\/types\/page"}],"author":[{"embeddable":true,"href":"https:\/\/whitebox-studios.com\/es\/wp-json\/wp\/v2\/users\/1"}],"replies":[{"embeddable":true,"href":"https:\/\/whitebox-studios.com\/es\/wp-json\/wp\/v2\/comments?post=4613"}],"version-history":[{"count":7,"href":"https:\/\/whitebox-studios.com\/es\/wp-json\/wp\/v2\/pages\/4613\/revisions"}],"predecessor-version":[{"id":5042,"href":"https:\/\/whitebox-studios.com\/es\/wp-json\/wp\/v2\/pages\/4613\/revisions\/5042"}],"wp:attachment":[{"href":"https:\/\/whitebox-studios.com\/es\/wp-json\/wp\/v2\/media?parent=4613"}],"curies":[{"name":"wp","href":"https:\/\/api.w.org\/{rel}","templated":true}]}}